{"id":1012,"date":"2023-03-27T23:58:25","date_gmt":"2023-03-27T23:58:25","guid":{"rendered":"https:\/\/colegio.utn.edu.ec\/?page_id=1012"},"modified":"2023-03-28T00:47:49","modified_gmt":"2023-03-28T00:47:49","slug":"nuestros-simbolos","status":"publish","type":"page","link":"https:\/\/colegio.utn.edu.ec\/index.php\/nuestros-simbolos\/","title":{"rendered":"NUESTROS S\u00cdMBOLOS"},"content":{"rendered":"\n<h3 class=\"wp-block-heading\">HIMNO DE LA UNIVERSIDAD T\u00c9CNICA DEL NORTE<\/h3>\n\n\n\n<h6 class=\"wp-block-heading\"><strong>Durante el a\u00f1o 1992,<\/strong> al conmemorar el sexto Aniversario de Autonom\u00eda Institucional de la Universidad T\u00e9cnica del Norte, se present\u00f3 a la comunidad el himno a la Universidad, cuya letra fue compuesta por el entonces Rector Doctor Antonio Posso Salgado y la m\u00fasica creada por el reconocido m\u00fasico Lojano Don Agust\u00edn Ram\u00f3n San Mart\u00edn. Resultando un \u00e9xito en su composici\u00f3n y m\u00fasica.<\/h6>\n\n\n\n<h6 class=\"wp-block-heading\"><strong>Doctor Antonio Posso Salgado 1949 \u2013 (Letra),<\/strong>&nbsp;destacado catedr\u00e1tico y escritor Imbabure\u00f1o. Desempe\u00f1\u00f3 varios cargos y dignidades en la provincia y en el pa\u00eds, desarrolla una importante labor como rector en nuestra instituci\u00f3n y fuera de ella, dejando en alto el prestigio de la universidad a la que actualmente pertenece y cumple una labor muy importante para toda la comunidad universitaria.<\/h6>\n\n\n\n<h6 class=\"wp-block-heading\"><strong>Agust\u00edn Ram\u00f3n San Mart\u00edn (M\u00fasica),<\/strong>&nbsp;destacado m\u00fasico Lojano, vinculado varios a\u00f1os a la Universidad T\u00e9cnica del Norte.<\/h6>\n\n\n\n<h6 class=\"wp-block-heading\" style=\"text-align:center\"><strong>Letra: Dr. Antonio Posso Salgado<br>M\u00fasica: Agust\u00edn Ram\u00f3n Mart\u00edn<\/strong><\/h6>\n\n\n\n<h6 class=\"wp-block-heading\" style=\"text-align:center\"><strong>CORO<\/strong><\/h6>\n\n\n\n<h6 class=\"wp-block-heading\" style=\"text-align:center\">Adelante, adelante, adelante,<br>adelante Universidad<br>en el tiempo,<br>en el espacio<br>tu nombre sonar\u00e1<br>Universidad.<\/h6>\n\n\n\n<h6 class=\"wp-block-heading\" style=\"text-align:center\"><strong>ESTROFAS<\/strong><\/h6>\n\n\n\n<h6 class=\"wp-block-heading\" style=\"text-align:center\">De indomable pasado caranqui<br>desde el valle al altivo Imbabura<br>con impulso y estirpe gigante,<br>Alma Mater, tu ejemplo perdura.<\/h6>\n\n\n\n<h6 class=\"wp-block-heading\" style=\"text-align:center\">Juventud en sus aulas creciste<br>hoy te yergues gloriosa en su avance,<br>y con \u00e9picas jornadas venciste,<br>rebeld\u00eda de Cacha y Sarance.<\/h6>\n\n\n\n<h6 class=\"wp-block-heading\" style=\"text-align:center\">Por ancestro eres pueblo valiente,<br>sembrador de este centro que crece<br>con semilla y cultura insurgente.<\/h6>\n\n\n\n<h6 class=\"wp-block-heading\" style=\"text-align:center\">Desde Ibarra, en el Norte forjado,<br>Ciencia y T\u00e9cnica al servicio del pueblo,<br>con semilla y cultura insurgente.<br>pensamiento al fin libertando.<\/h6>\n","protected":false},"excerpt":{"rendered":"<p>HIMNO DE LA UNIVERSIDAD T\u00c9CNICA DEL NORTE Durante el a\u00f1o 1992, al conmemorar el sexto Aniversario de Autonom\u00eda Institucional de la Universidad T\u00e9cnica del Norte, se present\u00f3 a la comunidad el himno<a class=\"moretag\" href=\"https:\/\/colegio.utn.edu.ec\/index.php\/nuestros-simbolos\/\">Read More&#8230;<\/a><\/p>\n","protected":false},"author":2,"featured_media":0,"parent":0,"menu_order":0,"comment_status":"closed","ping_status":"closed","template":"","meta":{"footnotes":""},"class_list":["post-1012","page","type-page","status-publish","hentry"],"_links":{"self":[{"href":"https:\/\/colegio.utn.edu.ec\/index.php\/wp-json\/wp\/v2\/pages\/1012","targetHints":{"allow":["GET"]}}],"collection":[{"href":"https:\/\/colegio.utn.edu.ec\/index.php\/wp-json\/wp\/v2\/pages"}],"about":[{"href":"https:\/\/colegio.utn.edu.ec\/index.php\/wp-json\/wp\/v2\/types\/page"}],"author":[{"embeddable":true,"href":"https:\/\/colegio.utn.edu.ec\/index.php\/wp-json\/wp\/v2\/users\/2"}],"replies":[{"embeddable":true,"href":"https:\/\/colegio.utn.edu.ec\/index.php\/wp-json\/wp\/v2\/comments?post=1012"}],"version-history":[{"count":6,"href":"https:\/\/colegio.utn.edu.ec\/index.php\/wp-json\/wp\/v2\/pages\/1012\/revisions"}],"predecessor-version":[{"id":1018,"href":"https:\/\/colegio.utn.edu.ec\/index.php\/wp-json\/wp\/v2\/pages\/1012\/revisions\/1018"}],"wp:attachment":[{"href":"https:\/\/colegio.utn.edu.ec\/index.php\/wp-json\/wp\/v2\/media?parent=1012"}],"curies":[{"name":"wp","href":"https:\/\/api.w.org\/{rel}","templated":true}]}}