{"id":126,"date":"2021-03-02T20:47:28","date_gmt":"2021-03-02T20:47:28","guid":{"rendered":"https:\/\/www.utn.edu.ec\/colegiouniversitario\/?page_id=126"},"modified":"2023-03-27T23:56:12","modified_gmt":"2023-03-27T23:56:12","slug":"ficha-institucional","status":"publish","type":"page","link":"https:\/\/colegio.utn.edu.ec\/index.php\/ficha-institucional\/","title":{"rendered":"Ficha Institucional"},"content":{"rendered":"\n<table class=\"wp-block-table\"><tbody><tr><td>\n  <strong>C\u00f3digo AMIE<\/strong><strong><\/strong>\n  <\/td><td>\n  <strong>10H<\/strong><strong> 00071<\/strong><strong><\/strong>\n  <\/td><\/tr><\/tbody><\/table>\n\n\n\n<table class=\"wp-block-table is-style-regular\"><tbody><tr><td>\n  <strong>Ubicaci\u00f3n Geogr\u00e1fica<\/strong>\n  <\/td><\/tr><tr><td>\n  <strong>Provincia:<\/strong>\n  <\/td><td><font style=\"vertical-align: inherit;\"><font style=\"vertical-align: inherit;\">   IMBABURA\u00a0\u00a0   \u00a0 \u00a0 \u00a0 \u00a0 \u00a0 \u00a0   <\/font><\/font><\/td><\/tr><tr><td>\n  <strong>Cant\u00f3n:<\/strong>\n  <\/td><td>IBARRA<\/td><\/tr><tr><td>   <strong><font style=\"vertical-align: inherit;\"><font style=\"vertical-align: inherit;\">Parroquia:<\/font><\/font><\/strong>   <\/td><td>\n  EL SAGRARIO<strong>&nbsp;<\/strong> &nbsp; &nbsp; &nbsp;&nbsp; &nbsp; &nbsp; &nbsp;&nbsp;\n  <\/td><\/tr><\/tbody><\/table>\n\n\n\n<p> <strong>Ubicaci\u00f3n Administrativa <\/strong><\/p>\n\n\n\n<table class=\"wp-block-table\"><tbody><tr><td><strong>Zona:<\/strong><\/td><td>1<\/td><td>C\u00f3digo de Distrito:<\/td><td>10D01<\/td><\/tr><tr><td><strong>Distrito:<\/strong><\/td><td>Ibarra-Pimampiro-Urcuqu\u00ed<\/td><td>C\u00f3digo del Circuito Educativo<\/td><td>CO9-11-12<\/td><\/tr><tr><td><strong>Circuito:<\/strong><\/td><td>9<\/td><td><\/td><td><\/td><\/tr><\/tbody><\/table>\n\n\n\n<table class=\"wp-block-table\"><tbody><tr><td><strong>Tipo de Instituci\u00f3n Educativa:<\/strong><\/td><td>Particular<\/td><\/tr><tr><td><strong>Jornada:<\/strong><\/td><td>Presencial Matutino<\/td><\/tr><tr><td><strong>Niveles Educativos:<\/strong><\/td><td>Educaci\u00f3n B\u00e1sica Superior (8v0, 9no, 10mo)<br>Bachillerato General Unificado (1ro, 2do 3ro)<\/td><\/tr><\/tbody><\/table>\n\n\n\n<table class=\"wp-block-table\"><tbody><tr><td><strong>N\u00famero de Estudiantes:<\/strong>   <\/td><td>\n  <strong>546&nbsp;<\/strong>\n  <\/td><td>\n  <strong>Hombres:&nbsp; &nbsp;<\/strong>\n  <\/td><td>\n  <strong>260<\/strong>\n  <\/td><td>\n  <strong>Mujeres:&nbsp;<\/strong>\n  <\/td><td>\n  <strong>286<\/strong>\n  <\/td><\/tr><tr><td><strong>N\u00famero de Docentes: <\/strong>   <\/td><td>\n  23 &nbsp;\n  <\/td><td>\n  <strong>Hombres:<\/strong>&nbsp;&nbsp; &nbsp;\n  <\/td><td>\n  11\n  <\/td><td>\n  <strong>Mujeres:<\/strong>&nbsp;\n  <\/td><td>\n  13\n  <\/td><\/tr><tr><td><strong>N\u00famero de   Administrativos:&nbsp;&nbsp;  <\/strong>   <\/td><td>\n  3\n  <\/td><td>\n  <strong>Hombres:<\/strong>&nbsp;&nbsp; &nbsp;\n  <\/td><td>\n  1\n  <\/td><td>\n  <strong>Mujeres:<\/strong>&nbsp;\n  <\/td><td>\n  2\n  <\/td><\/tr><\/tbody><\/table>\n\n\n\n<p><strong>Autoridades<\/strong><\/p>\n\n\n\n<table class=\"wp-block-table\"><tbody><tr><td><strong>Rectora: <\/strong>   <\/td><td>\n  <strong>Dra. Diana Elizabeth\n  Flores Benalc\u00e1zar<\/strong>\n  <\/td><\/tr><tr><td><strong>Vicerrectora: <\/strong>   <\/td><td>\n  Msc. Rosa Elisa Almeida Almeida\n  <\/td><\/tr><tr><td><strong>Inspector General: <\/strong>   <\/td><td>\n  Lic.\n  Hern\u00e1n Sarmiento Paredes\n  <\/td><\/tr><tr><td><strong>Subinspector   General: <\/strong>   <\/td><td>\n  Msc.\n  Andr\u00e9s Manosalvas\n  <\/td><\/tr><\/tbody><\/table>\n\n\n\n<p><strong>Consejo estudiantil<\/strong><\/p>\n\n\n\n<p><\/p>\n\n\n\n<table class=\"wp-block-table\"><tbody><tr><td><strong>Presidente:<\/strong>   <\/td><td>\n  <strong>Donayker Daniel Villalba Salazar<\/strong>\n  <\/td><\/tr><tr><td><strong>Vicepresidenta:<\/strong>   <\/td><td>\n  Katherine\n  Natalia Medrano Saldarreaga\n  <\/td><\/tr><tr><td><strong>Secretario:<\/strong>   <\/td><td>\n  David Ismael Gonz\u00e1lez Lara\n  <\/td><\/tr><tr><td><strong>Tesorera: <\/strong>   <\/td><td>\n  Aylin\n  Xiomara Barahona Maldonado\n  <\/td><\/tr><tr><td><strong>Vocales Principales: <\/strong>   <\/td><td>\n  Miguel\n  \u00c1ngel Su\u00e1rez Chicaiza\n  <\/td><\/tr><tr><td><strong>Vocales Suplentes: <\/strong>   <\/td><td>\n  Diego\n  Jair Quilumbango Ortega, Robinson Germ\u00e1n P\u00e9rez Guam\u00e1n\n  <\/td><\/tr><\/tbody><\/table>\n\n\n\n<p><strong>Direcci\u00f3n:<\/strong>&nbsp;Calle Luis Ulpiano de la Torre 2 \u2013\n20 y Calle Jes\u00fas Yerovi<\/p>\n\n\n\n<p><strong>Tel\u00e9fonos: <\/strong>062546004<\/p>\n","protected":false},"excerpt":{"rendered":"<p>C\u00f3digo AMIE 10H 00071 Ubicaci\u00f3n Geogr\u00e1fica Provincia: IMBABURA\u00a0\u00a0 \u00a0 \u00a0 \u00a0 \u00a0 \u00a0 \u00a0 Cant\u00f3n: IBARRA Parroquia: EL SAGRARIO&nbsp; &nbsp; &nbsp; &nbsp;&nbsp; &nbsp; &nbsp; &nbsp;&nbsp; Ubicaci\u00f3n Administrativa Zona: 1 C\u00f3digo de Distrito:<a class=\"moretag\" href=\"https:\/\/colegio.utn.edu.ec\/index.php\/ficha-institucional\/\">Read More&#8230;<\/a><\/p>\n","protected":false},"author":2,"featured_media":0,"parent":0,"menu_order":0,"comment_status":"closed","ping_status":"closed","template":"","meta":{"footnotes":""},"class_list":["post-126","page","type-page","status-publish","hentry"],"_links":{"self":[{"href":"https:\/\/colegio.utn.edu.ec\/index.php\/wp-json\/wp\/v2\/pages\/126","targetHints":{"allow":["GET"]}}],"collection":[{"href":"https:\/\/colegio.utn.edu.ec\/index.php\/wp-json\/wp\/v2\/pages"}],"about":[{"href":"https:\/\/colegio.utn.edu.ec\/index.php\/wp-json\/wp\/v2\/types\/page"}],"author":[{"embeddable":true,"href":"https:\/\/colegio.utn.edu.ec\/index.php\/wp-json\/wp\/v2\/users\/2"}],"replies":[{"embeddable":true,"href":"https:\/\/colegio.utn.edu.ec\/index.php\/wp-json\/wp\/v2\/comments?post=126"}],"version-history":[{"count":19,"href":"https:\/\/colegio.utn.edu.ec\/index.php\/wp-json\/wp\/v2\/pages\/126\/revisions"}],"predecessor-version":[{"id":1011,"href":"https:\/\/colegio.utn.edu.ec\/index.php\/wp-json\/wp\/v2\/pages\/126\/revisions\/1011"}],"wp:attachment":[{"href":"https:\/\/colegio.utn.edu.ec\/index.php\/wp-json\/wp\/v2\/media?parent=126"}],"curies":[{"name":"wp","href":"https:\/\/api.w.org\/{rel}","templated":true}]}}