{"id":129,"date":"2021-03-02T20:54:16","date_gmt":"2021-03-02T20:54:16","guid":{"rendered":"https:\/\/www.utn.edu.ec\/colegiouniversitario\/?page_id=129"},"modified":"2023-03-29T13:48:00","modified_gmt":"2023-03-29T13:48:00","slug":"mision-y-vision-2","status":"publish","type":"page","link":"https:\/\/colegio.utn.edu.ec\/index.php\/mision-y-vision-2\/","title":{"rendered":"Misi\u00f3n y Visi\u00f3n"},"content":{"rendered":"\n<p class=\"has-large-font-size\"><strong>MISI\u00d3N<\/strong><\/p>\n\n\n\n<p class=\"has-text-color has-medium-font-size has-very-dark-gray-color\">El Colegio de Bachillerato Universitario UTN, es una unidad acad\u00e9mica de pr\u00e1ctica docente de la Facultad de Educaci\u00f3n, Ciencia y Tecnolog\u00eda de la UTN. Forma bachilleres emprendedores, cr\u00edticos, humanistas, \u00e9ticos, creativos, con conciencia ecol\u00f3gica, aptos para continuar con estudios superiores e insertarse en el campo laboral.<\/p>\n\n\n\n<p class=\"has-large-font-size\"><strong>VISI\u00d3N<\/strong><\/p>\n\n\n\n<p class=\"has-text-color has-medium-font-size has-very-dark-gray-color\">El Colegio de\nBachillerato UTN en el a\u00f1o 2025, ser\u00e1 un centro educativo que cumple est\u00e1ndares\nde calidad y excelencia en la formaci\u00f3n integral de los estudiantes,\ncomprometidos con el desarrollo cultural, socio-econ\u00f3mico y sustentable del\npa\u00eds.<\/p>\n","protected":false},"excerpt":{"rendered":"<p>MISI\u00d3N El Colegio de Bachillerato Universitario UTN, es una unidad acad\u00e9mica de pr\u00e1ctica docente de la Facultad de Educaci\u00f3n, Ciencia y Tecnolog\u00eda de la UTN. Forma bachilleres emprendedores, cr\u00edticos, humanistas, \u00e9ticos, creativos,<a class=\"moretag\" href=\"https:\/\/colegio.utn.edu.ec\/index.php\/mision-y-vision-2\/\">Read More&#8230;<\/a><\/p>\n","protected":false},"author":2,"featured_media":1019,"parent":0,"menu_order":0,"comment_status":"closed","ping_status":"closed","template":"","meta":{"footnotes":""},"class_list":["post-129","page","type-page","status-publish","has-post-thumbnail","hentry"],"_links":{"self":[{"href":"https:\/\/colegio.utn.edu.ec\/index.php\/wp-json\/wp\/v2\/pages\/129","targetHints":{"allow":["GET"]}}],"collection":[{"href":"https:\/\/colegio.utn.edu.ec\/index.php\/wp-json\/wp\/v2\/pages"}],"about":[{"href":"https:\/\/colegio.utn.edu.ec\/index.php\/wp-json\/wp\/v2\/types\/page"}],"author":[{"embeddable":true,"href":"https:\/\/colegio.utn.edu.ec\/index.php\/wp-json\/wp\/v2\/users\/2"}],"replies":[{"embeddable":true,"href":"https:\/\/colegio.utn.edu.ec\/index.php\/wp-json\/wp\/v2\/comments?post=129"}],"version-history":[{"count":8,"href":"https:\/\/colegio.utn.edu.ec\/index.php\/wp-json\/wp\/v2\/pages\/129\/revisions"}],"predecessor-version":[{"id":1023,"href":"https:\/\/colegio.utn.edu.ec\/index.php\/wp-json\/wp\/v2\/pages\/129\/revisions\/1023"}],"wp:featuredmedia":[{"embeddable":true,"href":"https:\/\/colegio.utn.edu.ec\/index.php\/wp-json\/wp\/v2\/media\/1019"}],"wp:attachment":[{"href":"https:\/\/colegio.utn.edu.ec\/index.php\/wp-json\/wp\/v2\/media?parent=129"}],"curies":[{"name":"wp","href":"https:\/\/api.w.org\/{rel}","templated":true}]}}