{"id":160,"date":"2021-03-03T17:00:47","date_gmt":"2021-03-03T17:00:47","guid":{"rendered":"https:\/\/www.utn.edu.ec\/colegiouniversitario\/?page_id=160"},"modified":"2023-04-12T16:05:48","modified_gmt":"2023-04-12T16:05:48","slug":"resena-historica","status":"publish","type":"page","link":"https:\/\/colegio.utn.edu.ec\/index.php\/resena-historica\/","title":{"rendered":"Rese\u00f1a Hist\u00f3rica"},"content":{"rendered":"\n<p>La Universidad T\u00e9cnica del Norte en el a\u00f1o 1987 alcanza la autonom\u00eda\nuniversitaria, lo que permiti\u00f3 plantearse retos importantes, de esta manera se\ncre\u00f3 la Facultad de Ciencias de la Educaci\u00f3n, cuyo objetivo es formar docentes en\nlas diferentes especialidades. Las autoridades de la Universidad dirigidos por\nel Dr. Antonio Posso Salgado, Rector y el Lic. Gonzalo Checa como Decano de la\nFacultad impulsaron la creaci\u00f3n del Colegio Anexo a la Universidad T\u00e9cnica del\nNorte, realizando las gestiones necesarias para contar con el \u201claboratorio\u201d\ndonde los estudiantes de la Facultad de Educaci\u00f3n realicen sus pr\u00e1cticas.<\/p>\n\n\n\n<p>El 29 de noviembre de 1988 el Ministerio de Educaci\u00f3n expide el Acuerdo\nMinisterial Nro. 278 que en el Art. 1 se\u00f1ala: \u201cAutorizar el funcionamiento del\ncolegio de ciclo b\u00e1sico \u201cSin Nombre\u201d anexo a la Facultad de Ciencias de la\nEducaci\u00f3n de la Universidad T\u00e9cnica del Norte, en la ciudad de Ibarra provincia\nde Imbabura, a partir del a\u00f1o lectivo 1988 \u2013 1989 destinado a la pr\u00e1ctica\ndocente\u201d . Las primeras labores acad\u00e9micas iniciaron en el mes de agosto de\n1989 con 45 estudiantes y 3 docentes.<\/p>\n\n\n\n<p>El Honorable Consejo Universitario en el a\u00f1o 1.992 resuelve designarle\nal Colegio con el nombre de \u201cMilton Reyes\u201d, as\u00ed permaneci\u00f3 hasta que el 11 de\nagosto de 2003, fecha en la que se cambia el nombre de Colegio Anexo \u201cMilton\nReyes\u201d a Colegio Universitario UTN. <\/p>\n\n\n\n<p>El 3 de septiembre de 2015 la Coordinaci\u00f3n Zonal de Educaci\u00f3n, autoriza\nel permiso de funcionamiento al Colegio de Bachillerato Universitario UTN, con\noferta educativa de Educaci\u00f3n General B\u00e1sica y Bachillerato General Unificado\nen Ciencias, con sostenimiento particular, teniendo como promotora a la\nUniversidad T\u00e9cnica del Norte.<\/p>\n\n\n\n<p>Con fecha 3 de agosto de 2022, la Coordinaci\u00f3n Zonal de Educaci\u00f3n\nmediante Resoluci\u00f3n Nro. MINEDUC \u2013 CZ1-2022-00353-R resuelve renovar la\nautorizaci\u00f3n de funcionamiento del Colegio de Bachillerato Universitario UTN, a\npartir del a\u00f1o 2022 \u2013 2023.<\/p>\n\n\n\n<p>Han pasado 34 a\u00f1os de vida\ninstitucional, trabajando en beneficio de la juventud de todos los sectores de\nnuestra ciudad, las autoridades junto con el personal docente trabajan d\u00eda a d\u00eda\npara dejar en alto el lema: POR UNA EDUCACI\u00d3N CIENT\u00cdFICA Y DEMOCR\u00c1TICA AL SERVICIO\nDEL PUEBLO. <em><\/em><\/p>\n","protected":false},"excerpt":{"rendered":"<p>La Universidad T\u00e9cnica del Norte en el a\u00f1o 1987 alcanza la autonom\u00eda universitaria, lo que permiti\u00f3 plantearse retos importantes, de esta manera se cre\u00f3 la Facultad de Ciencias de la Educaci\u00f3n, cuyo<a class=\"moretag\" href=\"https:\/\/colegio.utn.edu.ec\/index.php\/resena-historica\/\">Read More&#8230;<\/a><\/p>\n","protected":false},"author":2,"featured_media":0,"parent":0,"menu_order":0,"comment_status":"closed","ping_status":"closed","template":"","meta":{"footnotes":""},"class_list":["post-160","page","type-page","status-publish","hentry"],"_links":{"self":[{"href":"https:\/\/colegio.utn.edu.ec\/index.php\/wp-json\/wp\/v2\/pages\/160","targetHints":{"allow":["GET"]}}],"collection":[{"href":"https:\/\/colegio.utn.edu.ec\/index.php\/wp-json\/wp\/v2\/pages"}],"about":[{"href":"https:\/\/colegio.utn.edu.ec\/index.php\/wp-json\/wp\/v2\/types\/page"}],"author":[{"embeddable":true,"href":"https:\/\/colegio.utn.edu.ec\/index.php\/wp-json\/wp\/v2\/users\/2"}],"replies":[{"embeddable":true,"href":"https:\/\/colegio.utn.edu.ec\/index.php\/wp-json\/wp\/v2\/comments?post=160"}],"version-history":[{"count":7,"href":"https:\/\/colegio.utn.edu.ec\/index.php\/wp-json\/wp\/v2\/pages\/160\/revisions"}],"predecessor-version":[{"id":1048,"href":"https:\/\/colegio.utn.edu.ec\/index.php\/wp-json\/wp\/v2\/pages\/160\/revisions\/1048"}],"wp:attachment":[{"href":"https:\/\/colegio.utn.edu.ec\/index.php\/wp-json\/wp\/v2\/media?parent=160"}],"curies":[{"name":"wp","href":"https:\/\/api.w.org\/{rel}","templated":true}]}}