{"id":181,"date":"2021-03-05T14:37:55","date_gmt":"2021-03-05T14:37:55","guid":{"rendered":"https:\/\/www.utn.edu.ec\/colegiouniversitario\/?page_id=181"},"modified":"2021-03-17T17:47:19","modified_gmt":"2021-03-17T17:47:19","slug":"oferta-educativa","status":"publish","type":"page","link":"https:\/\/colegio.utn.edu.ec\/index.php\/oferta-educativa\/","title":{"rendered":"Oferta Educativa"},"content":{"rendered":"\n<p>El Colegio de Bachillerato Universitario es una unidad acad\u00e9mica\nde la Universidad T\u00e9cnica del Norte, de la ciudad de Ibarra, como un plantel de\nense\u00f1anza media anexo a la Facultad de Educaci\u00f3n, Ciencia y Tecnolog\u00eda. Es un\ncentro experimental tanto para la formaci\u00f3n integral de la personalidad de los\neducandos como para la preparaci\u00f3n de los futuros educadores.\n\nActualmente la oferta\neducativa cuenta con: OCTAVO, NOVENO y D\u00c9CIMO de Educaci\u00f3n General B\u00e1sica\nSuperior, en el &nbsp;Nivel de Bachillerato, PRIMERO, SEGUNDO Y\nTERCER&nbsp;curso;&nbsp; ofertando el&nbsp;BACHILLERATO GENERAL UNIFICADO\n\n\n\n<\/p>\n","protected":false},"excerpt":{"rendered":"<p>El Colegio de Bachillerato Universitario es una unidad acad\u00e9mica de la Universidad T\u00e9cnica del Norte, de la ciudad de Ibarra, como un plantel de ense\u00f1anza media anexo a la Facultad de Educaci\u00f3n,<a class=\"moretag\" href=\"https:\/\/colegio.utn.edu.ec\/index.php\/oferta-educativa\/\">Read More&#8230;<\/a><\/p>\n","protected":false},"author":2,"featured_media":0,"parent":0,"menu_order":0,"comment_status":"closed","ping_status":"closed","template":"","meta":{"footnotes":""},"class_list":["post-181","page","type-page","status-publish","hentry"],"_links":{"self":[{"href":"https:\/\/colegio.utn.edu.ec\/index.php\/wp-json\/wp\/v2\/pages\/181","targetHints":{"allow":["GET"]}}],"collection":[{"href":"https:\/\/colegio.utn.edu.ec\/index.php\/wp-json\/wp\/v2\/pages"}],"about":[{"href":"https:\/\/colegio.utn.edu.ec\/index.php\/wp-json\/wp\/v2\/types\/page"}],"author":[{"embeddable":true,"href":"https:\/\/colegio.utn.edu.ec\/index.php\/wp-json\/wp\/v2\/users\/2"}],"replies":[{"embeddable":true,"href":"https:\/\/colegio.utn.edu.ec\/index.php\/wp-json\/wp\/v2\/comments?post=181"}],"version-history":[{"count":4,"href":"https:\/\/colegio.utn.edu.ec\/index.php\/wp-json\/wp\/v2\/pages\/181\/revisions"}],"predecessor-version":[{"id":307,"href":"https:\/\/colegio.utn.edu.ec\/index.php\/wp-json\/wp\/v2\/pages\/181\/revisions\/307"}],"wp:attachment":[{"href":"https:\/\/colegio.utn.edu.ec\/index.php\/wp-json\/wp\/v2\/media?parent=181"}],"curies":[{"name":"wp","href":"https:\/\/api.w.org\/{rel}","templated":true}]}}