{"id":325,"date":"2021-04-13T21:44:29","date_gmt":"2021-04-13T21:44:29","guid":{"rendered":"https:\/\/www.utn.edu.ec\/colegiouniversitario\/?page_id=325"},"modified":"2026-04-01T13:12:50","modified_gmt":"2026-04-01T13:12:50","slug":"admisiones","status":"publish","type":"page","link":"https:\/\/colegio.utn.edu.ec\/index.php\/admisiones\/","title":{"rendered":"Admisiones"},"content":{"rendered":"\n<h2 class=\"wp-block-heading\">PROCESO DE ADMISI\u00d3N 2026\u20132027<\/h2>\n\n\n\n<h3 class=\"wp-block-heading\"><strong>Colegio de Bachillerato Universitario UTN<\/strong><\/h3>\n\n\n\n<p><\/p>\n\n\n\n<p>Estimada comunidad:<\/p>\n\n\n\n<p>Nos complace informar la apertura oficial del <strong>proceso de admisi\u00f3n para el a\u00f1o lectivo 2026\u20132027<\/strong> en el <strong>Colegio Universitario UTN<\/strong>, el cual se desarrollar\u00e1 de la siguiente manera:<\/p>\n\n\n\n<h2 class=\"wp-block-heading\">Etapa 1: Difusi\u00f3n de la informaci\u00f3n e inscripci\u00f3n<\/h2>\n\n\n\n<p>&#x1f4c5; <em>Durante todo el mes de abril de 202<\/em>6<\/p>\n\n\n\n<ul class=\"wp-block-list\">\n<li>Ingresar al portal institucional: <a href=\"https:\/\/colegio.utn.edu.ec\/\">https:\/\/colegio.utn.edu.ec\/<\/a> , o a la p\u00e1gina de Facebook Oficial.<\/li>\n\n\n\n<li>Acceder a la secci\u00f3n <strong>Proceso de Admisi\u00f3n 2026\u20132027<\/strong>.<\/li>\n\n\n\n<li>Descargar, leer detenidamente y completar la <strong>ficha de inscripci\u00f3n<\/strong>, <a href=\"https:\/\/colegio.utn.edu.ec\/index.php\/ficha-de-inscripcion\/\">https:\/\/colegio.utn.edu.ec\/index.php\/ficha-de-inscripcion\/<\/a><\/li>\n<\/ul>\n\n\n\n<h2 class=\"wp-block-heading\">Etapa 2: Recepci\u00f3n de documentos<\/h2>\n\n\n\n<p>El horario de atenci\u00f3n para la recepci\u00f3n de postulaciones ser\u00e1 a partir de las 07h00 a 10h45 de lunes a viernes desde el 01 hasta el 30 de abril de 2026.<\/p>\n\n\n\n<p>Los representantes deber\u00e1n acercarse personalmente a la secretar\u00eda del Colegio Universitario UTN, para entregar la documentaci\u00f3n, la cual deber\u00e1 estar organizada de la siguiente manera:<\/p>\n\n\n\n<p>&#x1f4c2; <strong>Carpeta pl\u00e1stica <\/strong>de color negro, que contenga:<\/p>\n\n\n\n<ul class=\"wp-block-list\">\n<li>Formulario de postulaci\u00f3n debidamente completado<em>.<\/em><\/li>\n\n\n\n<li>Copia a color de la c\u00e9dula de identidad del representante legal<em>.<\/em><\/li>\n\n\n\n<li>Copia a color de la c\u00e9dula de identidad del aspirante<em>.<\/em><\/li>\n\n\n\n<li>R\u00e9cord acad\u00e9mico del a\u00f1o lectivo 2024-2025<em>.<\/em><\/li>\n\n\n\n<li>R\u00e9cord acad\u00e9mico del primer y segundo trimestre del a\u00f1o lectivo 2025-2026<em>.<\/em><\/li>\n\n\n\n<li>Certificado de comportamiento o conducta (documento oficial que acredite este par\u00e1metro).<\/li>\n\n\n\n<li>Una fotograf\u00eda actualizada tama\u00f1o carn\u00e9.<\/li>\n<\/ul>\n\n\n\n<p><strong>Nota:<\/strong> Se dar\u00e1 prioridad a los estudiantes que tengan una nota superior a 8.5 y conducta A.<\/p>\n\n\n\n<h2 class=\"wp-block-heading\">Etapa 3: Evaluaci\u00f3n de conocimientos<\/h2>\n\n\n\n<p>&#x26a0; Es responsabilidad del aspirante y su representante verificar la fecha, grupo y hora espec\u00edfica de presentaci\u00f3n. Esta informaci\u00f3n ser\u00e1 publicada en la <strong>cartelera institucional de secretar\u00eda<\/strong> a partir del <strong>04 hasta el 07 de mayo de 2026<\/strong><\/p>\n\n\n\n<p>&#x1f4c5; <em>D\u00edas de evaluaci\u00f3n (pruebas acad\u00e9micas): 08 de mayo de 2026<\/em><\/p>\n\n\n\n<p>&#x1f4cd; Modalidad: <strong>Presencial<\/strong><strong><\/strong><\/p>\n\n\n\n<p>&#x1f551; Horarios:<\/p>\n\n\n\n<ul class=\"wp-block-list\">\n<li><strong>14h00 a 14h40: <\/strong>Evaluaci\u00f3n de Matem\u00e1tica<\/li>\n\n\n\n<li><strong>14h45 a 15h30: <\/strong>Evaluaci\u00f3n de Lengua y Literatura<\/li>\n<\/ul>\n\n\n\n<h2 class=\"wp-block-heading\">Etapa 4: Encuentro de aspirantes<\/h2>\n\n\n\n<p><strong>Es importante que los representantes asistan a este espacio, de no hacerlo el proceso de asiganci\u00f3n de cupo no continuar\u00e1<\/strong><\/p>\n\n\n\n<p><strong>Lugar: <\/strong>Instalaciones del Colegio<br><strong>Fecha: <\/strong>15 de mayo del 2026<br><strong>Hora: <\/strong>14h00 a 16h00<\/p>\n\n\n\n<h2 class=\"wp-block-heading\">Etapa 5: Entrevista psicol\u00f3gica<\/h2>\n\n\n\n<p>&#x1f4c5; <em>Semana del 20 de mayo al 05 de junio de 2026<\/em><\/p>\n\n\n\n<p>Se establecer\u00e1 el cronograma para las entrevistas psicol\u00f3gicas, mismo que se presentar\u00e1 en la secretar\u00eda de la instituci\u00f3n. Es importante acercarse a la instituci\u00f3n para visualizar el horario y d\u00eda asignado.<\/p>\n\n\n\n<p>&#x1f4cc;<strong> La presencia del aspirante y de su representante legal ser\u00e1 obligatoria.<\/strong><\/p>\n\n\n\n<h2 class=\"wp-block-heading\">Etapa 6: Notificaci\u00f3n de asignaci\u00f3n de cupo<\/h2>\n\n\n\n<p>&#x1f4c5; <em>Semana del 08 al 12 de junio de 2026<\/em><\/p>\n\n\n\n<p>Los resultados ser\u00e1n informados directamente v\u00eda telef\u00f3nica a los postulantes admitidos, adem\u00e1s de presentarse el listado en la cartelera de secretar\u00eda.<\/p>\n\n\n\n<p><\/p>\n","protected":false},"excerpt":{"rendered":"<p>PROCESO DE ADMISI\u00d3N 2026\u20132027 Colegio de Bachillerato Universitario UTN Estimada comunidad: Nos complace informar la apertura oficial del proceso de admisi\u00f3n para el a\u00f1o lectivo 2026\u20132027 en el Colegio Universitario UTN, el<a class=\"moretag\" href=\"https:\/\/colegio.utn.edu.ec\/index.php\/admisiones\/\">Read More&#8230;<\/a><\/p>\n","protected":false},"author":2,"featured_media":0,"parent":0,"menu_order":0,"comment_status":"closed","ping_status":"closed","template":"","meta":{"footnotes":""},"class_list":["post-325","page","type-page","status-publish","hentry"],"_links":{"self":[{"href":"https:\/\/colegio.utn.edu.ec\/index.php\/wp-json\/wp\/v2\/pages\/325","targetHints":{"allow":["GET"]}}],"collection":[{"href":"https:\/\/colegio.utn.edu.ec\/index.php\/wp-json\/wp\/v2\/pages"}],"about":[{"href":"https:\/\/colegio.utn.edu.ec\/index.php\/wp-json\/wp\/v2\/types\/page"}],"author":[{"embeddable":true,"href":"https:\/\/colegio.utn.edu.ec\/index.php\/wp-json\/wp\/v2\/users\/2"}],"replies":[{"embeddable":true,"href":"https:\/\/colegio.utn.edu.ec\/index.php\/wp-json\/wp\/v2\/comments?post=325"}],"version-history":[{"count":24,"href":"https:\/\/colegio.utn.edu.ec\/index.php\/wp-json\/wp\/v2\/pages\/325\/revisions"}],"predecessor-version":[{"id":1238,"href":"https:\/\/colegio.utn.edu.ec\/index.php\/wp-json\/wp\/v2\/pages\/325\/revisions\/1238"}],"wp:attachment":[{"href":"https:\/\/colegio.utn.edu.ec\/index.php\/wp-json\/wp\/v2\/media?parent=325"}],"curies":[{"name":"wp","href":"https:\/\/api.w.org\/{rel}","templated":true}]}}